{"id":31360,"date":"2019-09-04T12:18:40","date_gmt":"2019-09-04T10:18:40","guid":{"rendered":"https:\/\/casaldaliga-causas.org\/?page_id=31360"},"modified":"2020-03-10T18:58:54","modified_gmt":"2020-03-10T17:58:54","slug":"indios","status":"publish","type":"page","link":"https:\/\/fperecasaldaliga.org\/pt-br\/indios\/","title":{"rendered":"Indios"},"content":{"rendered":"<p>[et_pb_section fb_built=&#8221;1&#8243; fullwidth=&#8221;on&#8221; _builder_version=&#8221;3.27.3&#8243;][et_pb_fullwidth_slider _builder_version=&#8221;4.4.0&#8243; header_font=&#8221;Signika|600|||||||&#8221; header_text_align=&#8221;center&#8221; header_font_size=&#8221;60px&#8221; header_letter_spacing=&#8221;1px&#8221; header_line_height=&#8221;1.5em&#8221; header_font_tablet=&#8221;&#8221; header_font_phone=&#8221;&#8221; header_font_last_edited=&#8221;on|phone&#8221;][et_pb_slide heading=&#8221;As 10 mentiras mais contadas sobre os Povos Ind\u00edgenas&#8221; _builder_version=&#8221;4.4.0&#8243; header_level=&#8221;h2&#8243; header_font=&#8221;Signika|300|||||||&#8221; background_image=&#8221;https:\/\/fperecasaldaliga.org\/wp-content\/uploads\/2019\/09\/Crianc\u0327as-Xavante-web.jpg&#8221; background_enable_image=&#8221;on&#8221; header_font_tablet=&#8221;|300|||||||&#8221; header_font_phone=&#8221;Signika|300|||||||&#8221; header_font_last_edited=&#8221;on|phone&#8221; header_font_size_tablet=&#8221;50px&#8221; header_font_size_phone=&#8221;40px&#8221; header_font_size_last_edited=&#8221;on|phone&#8221;][\/et_pb_slide][\/et_pb_fullwidth_slider][\/et_pb_section][et_pb_section fb_built=&#8221;1&#8243; _builder_version=&#8221;3.27.3&#8243;][et_pb_row _builder_version=&#8221;3.27.3&#8243;][et_pb_column type=&#8221;4_4&#8243; _builder_version=&#8221;3.27.3&#8243;][et_pb_text _builder_version=&#8221;4.4.0&#8243; text_font=&#8221;Signika||||||||&#8221; text_font_size=&#8221;21px&#8221; text_line_height=&#8221;1.5em&#8221; text_orientation=&#8221;center&#8221; text_font_size_tablet=&#8221;18px&#8221; text_font_size_phone=&#8221;17px&#8221; text_font_size_last_edited=&#8221;on|phone&#8221; text_text_align=&#8221;center&#8221;]<strong>As afirma\u00e7\u00f5es listadas abaixo foram extra\u00eddas da vida real.<\/strong> <br \/>Percep\u00e7\u00f5es diversas, vindas de pessoas com hist\u00f3rias diferentes,<br \/> mas sempre com um direcionamento em comum: <br \/>a dissemina\u00e7\u00e3o do discurso anti-ind\u00edgena<br \/> com argumentos falsos.[\/et_pb_text][\/et_pb_column][\/et_pb_row][\/et_pb_section][et_pb_section fb_built=&#8221;1&#8243; fullwidth=&#8221;on&#8221; _builder_version=&#8221;4.4.0&#8243;][et_pb_nextend_smart_slider_3_fullwidth _builder_version=&#8221;4.4.0&#8243;][\/et_pb_nextend_smart_slider_3_fullwidth][\/et_pb_section][et_pb_section fb_built=&#8221;1&#8243; fullwidth=&#8221;on&#8221; _builder_version=&#8221;4.4.0&#8243;][et_pb_nextend_smart_slider_3_fullwidth slider=&#8221;7&#8243; _builder_version=&#8221;4.4.0&#8243;][\/et_pb_nextend_smart_slider_3_fullwidth][\/et_pb_section][et_pb_section fb_built=&#8221;1&#8243; fullwidth=&#8221;on&#8221; _builder_version=&#8221;4.4.0&#8243;][et_pb_nextend_smart_slider_3_fullwidth slider=&#8221;8&#8243; _builder_version=&#8221;4.4.0&#8243;][\/et_pb_nextend_smart_slider_3_fullwidth][\/et_pb_section][et_pb_section fb_built=&#8221;1&#8243; fullwidth=&#8221;on&#8221; _builder_version=&#8221;4.4.0&#8243;][et_pb_nextend_smart_slider_3_fullwidth slider=&#8221;9&#8243; _builder_version=&#8221;4.4.0&#8243;][\/et_pb_nextend_smart_slider_3_fullwidth][\/et_pb_section][et_pb_section fb_built=&#8221;1&#8243; fullwidth=&#8221;on&#8221; _builder_version=&#8221;4.4.0&#8243;][et_pb_nextend_smart_slider_3_fullwidth slider=&#8221;11&#8243; _builder_version=&#8221;4.4.0&#8243;][\/et_pb_nextend_smart_slider_3_fullwidth][\/et_pb_section][et_pb_section fb_built=&#8221;1&#8243; fullwidth=&#8221;on&#8221; _builder_version=&#8221;4.4.0&#8243;][et_pb_nextend_smart_slider_3_fullwidth slider=&#8221;12&#8243; _builder_version=&#8221;4.4.0&#8243;][\/et_pb_nextend_smart_slider_3_fullwidth][\/et_pb_section][et_pb_section fb_built=&#8221;1&#8243; fullwidth=&#8221;on&#8221; _builder_version=&#8221;4.4.0&#8243;][et_pb_nextend_smart_slider_3_fullwidth slider=&#8221;13&#8243; _builder_version=&#8221;4.4.0&#8243;][\/et_pb_nextend_smart_slider_3_fullwidth][\/et_pb_section][et_pb_section fb_built=&#8221;1&#8243; fullwidth=&#8221;on&#8221; _builder_version=&#8221;4.4.0&#8243;][et_pb_nextend_smart_slider_3_fullwidth slider=&#8221;14&#8243; _builder_version=&#8221;4.4.0&#8243;][\/et_pb_nextend_smart_slider_3_fullwidth][\/et_pb_section][et_pb_section fb_built=&#8221;1&#8243; fullwidth=&#8221;on&#8221; _builder_version=&#8221;4.4.0&#8243;][et_pb_nextend_smart_slider_3_fullwidth slider=&#8221;15&#8243; _builder_version=&#8221;4.4.0&#8243;][\/et_pb_nextend_smart_slider_3_fullwidth][\/et_pb_section][et_pb_section fb_built=&#8221;1&#8243; fullwidth=&#8221;on&#8221; _builder_version=&#8221;4.4.0&#8243;][et_pb_nextend_smart_slider_3_fullwidth slider=&#8221;16&#8243; _builder_version=&#8221;4.4.0&#8243; hover_enabled=&#8221;0&#8243;][\/et_pb_nextend_smart_slider_3_fullwidth][\/et_pb_section]<\/p>\n<span class=\"et_bloom_bottom_trigger\"><\/span>","protected":false},"excerpt":{"rendered":"<p>As afirma\u00e7\u00f5es listadas abaixo foram extra\u00eddas da vida real. Percep\u00e7\u00f5es diversas, vindas de pessoas com hist\u00f3rias diferentes, mas sempre com um direcionamento em comum: a dissemina\u00e7\u00e3o do discurso anti-ind\u00edgena com argumentos falsos.<\/p>\n","protected":false},"author":1,"featured_media":0,"parent":0,"menu_order":0,"comment_status":"closed","ping_status":"closed","template":"page-template-blank.php","meta":{"_et_pb_use_builder":"on","_et_pb_old_content":"","_et_gb_content_width":"","footnotes":""},"class_list":["post-31360","page","type-page","status-publish","hentry"],"yoast_head":"<!-- This site is optimized with the Yoast SEO plugin v23.6 - https:\/\/yoast.com\/wordpress\/plugins\/seo\/ -->\n<title>Indios - Fundaci\u00f3 Pere Casald\u00e0liga<\/title>\n<meta name=\"robots\" content=\"index, follow, max-snippet:-1, max-image-preview:large, max-video-preview:-1\" \/>\n<link rel=\"canonical\" href=\"https:\/\/fperecasaldaliga.org\/pt-br\/indios\/\" \/>\n<meta property=\"og:locale\" content=\"pt_BR\" \/>\n<meta property=\"og:type\" content=\"article\" \/>\n<meta property=\"og:title\" content=\"Indios - Fundaci\u00f3 Pere Casald\u00e0liga\" \/>\n<meta property=\"og:description\" content=\"As afirma\u00e7\u00f5es listadas abaixo foram extra\u00eddas da vida real. Percep\u00e7\u00f5es diversas, vindas de pessoas com hist\u00f3rias diferentes, mas sempre com um direcionamento em comum: a dissemina\u00e7\u00e3o do discurso anti-ind\u00edgena com argumentos falsos.\" \/>\n<meta property=\"og:url\" content=\"https:\/\/fperecasaldaliga.org\/pt-br\/indios\/\" \/>\n<meta property=\"og:site_name\" content=\"Fundaci\u00f3 Pere Casald\u00e0liga\" \/>\n<meta property=\"article:publisher\" content=\"https:\/\/www.facebook.com\/fpcasaldaliga\" \/>\n<meta property=\"article:modified_time\" content=\"2020-03-10T17:58:54+00:00\" \/>\n<meta property=\"og:image\" content=\"https:\/\/fperecasaldaliga.org\/wp-content\/uploads\/2020\/12\/Pedro-Romeria.png\" \/>\n\t<meta property=\"og:image:width\" content=\"780\" \/>\n\t<meta property=\"og:image:height\" content=\"488\" \/>\n\t<meta property=\"og:image:type\" content=\"image\/png\" \/>\n<meta name=\"twitter:card\" content=\"summary_large_image\" \/>\n<meta name=\"twitter:site\" content=\"@Casaldaliga_\" \/>\n<meta name=\"twitter:label1\" content=\"Est. tempo de leitura\" \/>\n\t<meta name=\"twitter:data1\" content=\"3 minutos\" \/>\n<script type=\"application\/ld+json\" class=\"yoast-schema-graph\">{\"@context\":\"https:\/\/schema.org\",\"@graph\":[{\"@type\":\"WebPage\",\"@id\":\"https:\/\/fperecasaldaliga.org\/pt-br\/indios\/\",\"url\":\"https:\/\/fperecasaldaliga.org\/pt-br\/indios\/\",\"name\":\"Indios - Fundaci\u00f3 Pere Casald\u00e0liga\",\"isPartOf\":{\"@id\":\"https:\/\/fperecasaldaliga.org\/pt-br\/#website\"},\"datePublished\":\"2019-09-04T10:18:40+00:00\",\"dateModified\":\"2020-03-10T17:58:54+00:00\",\"breadcrumb\":{\"@id\":\"https:\/\/fperecasaldaliga.org\/pt-br\/indios\/#breadcrumb\"},\"inLanguage\":\"pt-BR\",\"potentialAction\":[{\"@type\":\"ReadAction\",\"target\":[\"https:\/\/fperecasaldaliga.org\/pt-br\/indios\/\"]}]},{\"@type\":\"BreadcrumbList\",\"@id\":\"https:\/\/fperecasaldaliga.org\/pt-br\/indios\/#breadcrumb\",\"itemListElement\":[{\"@type\":\"ListItem\",\"position\":1,\"name\":\"Inici\",\"item\":\"https:\/\/fperecasaldaliga.org\/pt-br\/\"},{\"@type\":\"ListItem\",\"position\":2,\"name\":\"Indios\"}]},{\"@type\":\"WebSite\",\"@id\":\"https:\/\/fperecasaldaliga.org\/pt-br\/#website\",\"url\":\"https:\/\/fperecasaldaliga.org\/pt-br\/\",\"name\":\"Fundaci\u00f3 Pere Casald\u00e0liga\",\"description\":\"Web Fundaci\u00f3 Pere Casald\u00e0liga\",\"potentialAction\":[{\"@type\":\"SearchAction\",\"target\":{\"@type\":\"EntryPoint\",\"urlTemplate\":\"https:\/\/fperecasaldaliga.org\/pt-br\/?s={search_term_string}\"},\"query-input\":{\"@type\":\"PropertyValueSpecification\",\"valueRequired\":true,\"valueName\":\"search_term_string\"}}],\"inLanguage\":\"pt-BR\"}]}<\/script>\n<!-- \/ Yoast SEO plugin. -->","yoast_head_json":{"title":"Indios - Fundaci\u00f3 Pere Casald\u00e0liga","robots":{"index":"index","follow":"follow","max-snippet":"max-snippet:-1","max-image-preview":"max-image-preview:large","max-video-preview":"max-video-preview:-1"},"canonical":"https:\/\/fperecasaldaliga.org\/pt-br\/indios\/","og_locale":"pt_BR","og_type":"article","og_title":"Indios - Fundaci\u00f3 Pere Casald\u00e0liga","og_description":"As afirma\u00e7\u00f5es listadas abaixo foram extra\u00eddas da vida real. Percep\u00e7\u00f5es diversas, vindas de pessoas com hist\u00f3rias diferentes, mas sempre com um direcionamento em comum: a dissemina\u00e7\u00e3o do discurso anti-ind\u00edgena com argumentos falsos.","og_url":"https:\/\/fperecasaldaliga.org\/pt-br\/indios\/","og_site_name":"Fundaci\u00f3 Pere Casald\u00e0liga","article_publisher":"https:\/\/www.facebook.com\/fpcasaldaliga","article_modified_time":"2020-03-10T17:58:54+00:00","og_image":[{"width":780,"height":488,"url":"https:\/\/fperecasaldaliga.org\/wp-content\/uploads\/2020\/12\/Pedro-Romeria.png","type":"image\/png"}],"twitter_card":"summary_large_image","twitter_site":"@Casaldaliga_","twitter_misc":{"Est. tempo de leitura":"3 minutos"},"schema":{"@context":"https:\/\/schema.org","@graph":[{"@type":"WebPage","@id":"https:\/\/fperecasaldaliga.org\/pt-br\/indios\/","url":"https:\/\/fperecasaldaliga.org\/pt-br\/indios\/","name":"Indios - Fundaci\u00f3 Pere Casald\u00e0liga","isPartOf":{"@id":"https:\/\/fperecasaldaliga.org\/pt-br\/#website"},"datePublished":"2019-09-04T10:18:40+00:00","dateModified":"2020-03-10T17:58:54+00:00","breadcrumb":{"@id":"https:\/\/fperecasaldaliga.org\/pt-br\/indios\/#breadcrumb"},"inLanguage":"pt-BR","potentialAction":[{"@type":"ReadAction","target":["https:\/\/fperecasaldaliga.org\/pt-br\/indios\/"]}]},{"@type":"BreadcrumbList","@id":"https:\/\/fperecasaldaliga.org\/pt-br\/indios\/#breadcrumb","itemListElement":[{"@type":"ListItem","position":1,"name":"Inici","item":"https:\/\/fperecasaldaliga.org\/pt-br\/"},{"@type":"ListItem","position":2,"name":"Indios"}]},{"@type":"WebSite","@id":"https:\/\/fperecasaldaliga.org\/pt-br\/#website","url":"https:\/\/fperecasaldaliga.org\/pt-br\/","name":"Fundaci\u00f3 Pere Casald\u00e0liga","description":"Web Fundaci\u00f3 Pere Casald\u00e0liga","potentialAction":[{"@type":"SearchAction","target":{"@type":"EntryPoint","urlTemplate":"https:\/\/fperecasaldaliga.org\/pt-br\/?s={search_term_string}"},"query-input":{"@type":"PropertyValueSpecification","valueRequired":true,"valueName":"search_term_string"}}],"inLanguage":"pt-BR"}]}},"_links":{"self":[{"href":"https:\/\/fperecasaldaliga.org\/pt-br\/wp-json\/wp\/v2\/pages\/31360","targetHints":{"allow":["GET"]}}],"collection":[{"href":"https:\/\/fperecasaldaliga.org\/pt-br\/wp-json\/wp\/v2\/pages"}],"about":[{"href":"https:\/\/fperecasaldaliga.org\/pt-br\/wp-json\/wp\/v2\/types\/page"}],"author":[{"embeddable":true,"href":"https:\/\/fperecasaldaliga.org\/pt-br\/wp-json\/wp\/v2\/users\/1"}],"replies":[{"embeddable":true,"href":"https:\/\/fperecasaldaliga.org\/pt-br\/wp-json\/wp\/v2\/comments?post=31360"}],"version-history":[{"count":0,"href":"https:\/\/fperecasaldaliga.org\/pt-br\/wp-json\/wp\/v2\/pages\/31360\/revisions"}],"wp:attachment":[{"href":"https:\/\/fperecasaldaliga.org\/pt-br\/wp-json\/wp\/v2\/media?parent=31360"}],"curies":[{"name":"wp","href":"https:\/\/api.w.org\/{rel}","templated":true}]}}