{"id":239333,"date":"2019-07-19T09:58:41","date_gmt":"2019-07-19T07:58:41","guid":{"rendered":"https:\/\/fperecasaldaliga.org\/as-publicacoes\/"},"modified":"2022-03-02T18:45:10","modified_gmt":"2022-03-02T17:45:10","slug":"las-publicaciones","status":"publish","type":"page","link":"https:\/\/fperecasaldaliga.org\/es\/las-publicaciones\/","title":{"rendered":"LAS PUBLICACIONES"},"content":{"rendered":"<p>[et_pb_section fb_built=\u00bb1&#8243; admin_label=\u00bbHeader\u00bb _builder_version=\u00bb4.9.0&#8243; background_color=\u00bbRGBA(0,0,0,0)\u00bb background_image=\u00bbhttps:\/\/fperecasaldaliga.org\/wp-content\/uploads\/2019\/07\/charity-09.png\u00bb parallax=\u00bbon\u00bb min_height=\u00bb540px\u00bb custom_padding=\u00bb||0px|||\u00bb da_disable_devices=\u00bboff|off|off\u00bb collapsed=\u00bboff\u00bb global_colors_info=\u00bb{}\u00bb da_is_popup=\u00bboff\u00bb da_exit_intent=\u00bboff\u00bb da_has_close=\u00bbon\u00bb da_alt_close=\u00bboff\u00bb da_dark_close=\u00bboff\u00bb da_not_modal=\u00bbon\u00bb da_is_singular=\u00bboff\u00bb da_with_loader=\u00bboff\u00bb da_has_shadow=\u00bbon\u00bb][et_pb_row column_structure=\u00bb1_2,1_2&#8243; use_custom_gutter=\u00bbon\u00bb gutter_width=\u00bb4&#8243; _builder_version=\u00bb4.7.7&#8243; width=\u00bb90%\u00bb max_width=\u00bb100%\u00bb min_height=\u00bb506px\u00bb custom_padding=\u00bb5vw||0px||false|false\u00bb global_colors_info=\u00bb{}\u00bb][et_pb_column type=\u00bb1_2&#8243; _builder_version=\u00bb3.25&#8243; custom_padding=\u00bb|||\u00bb custom_padding_tablet=\u00bb0px||\u00bb custom_padding_last_edited=\u00bboff|desktop\u00bb global_colors_info=\u00bb{}\u00bb custom_padding__hover=\u00bb|||\u00bb][et_pb_text _builder_version=\u00bb4.14.8&#8243; _module_preset=\u00bb4e0f9167-2670-4b46-969b-375a0eb98921&#8243; text_font=\u00bb||||||||\u00bb header_text_align=\u00bbleft\u00bb module_alignment=\u00bbleft\u00bb custom_margin=\u00bb0px||0px||false|false\u00bb custom_padding=\u00bb||20px||false|false\u00bb custom_padding_tablet=\u00bb20px||10px||false|false\u00bb custom_padding_phone=\u00bb20px|0px|0px|0px|false|true\u00bb hover_enabled=\u00bb0&#8243; header_font_size_tablet=\u00bb40px\u00bb header_font_size_phone=\u00bb30px\u00bb header_font_size_last_edited=\u00bbon|desktop\u00bb global_colors_info=\u00bb{}\u00bb sticky_enabled=\u00bb0&#8243;]<\/p>\n<h1>Conozca m\u00e1s sobre <span style=\"color: #993300;\">Pedro Casald\u00e1liga<\/span>, su obra y sus causas<\/h1>\n<p>[\/et_pb_text][et_pb_text _builder_version=\u00bb4.14.8&#8243; _module_preset=\u00bbdefault\u00bb text_line_height=\u00bb1.4em\u00bb header_font=\u00bb||||||||\u00bb header_text_color=\u00bb#0e7162&#8243; header_line_height=\u00bb1.3em\u00bb width_phone=\u00bb100%\u00bb module_alignment=\u00bbleft\u00bb custom_margin_phone=\u00bb||0vw||false|false\u00bb custom_padding=\u00bb|0px||0px|false|true\u00bb custom_padding_tablet=\u00bb20px||||false|true\u00bb custom_padding_phone=\u00bb20px|0px|0px|0px|false|true\u00bb custom_padding_last_edited=\u00bbon|desktop\u00bb hover_enabled=\u00bb0&#8243; text_font_size_tablet=\u00bb18px\u00bb text_font_size_phone=\u00bb16px\u00bb text_font_size_last_edited=\u00bbon|desktop\u00bb module_alignment_tablet=\u00bb\u00bb module_alignment_phone=\u00bbleft\u00bb module_alignment_last_edited=\u00bbon|desktop\u00bb global_colors_info=\u00bb{}\u00bb sticky_enabled=\u00bb0&#8243;]<\/p>\n<p>El trabajo y el pensamiento de Pedro Casald\u00e1liga ha influido en cientos de movimientos sociales. Su obra y sus acciones <strong>han sido fundamentales<\/strong> para que hoy podamos hablar de ecolog\u00eda, medio ambiente, Derechos Humanos o trabajo esclavo.<\/p>\n<p>&nbsp;<\/p>\n<p>En este espacio <strong>podr\u00e1s profundizar en la figura del obispo Pedro<\/strong> y su pensamiento, as\u00ed como seguir su legado en la Amazon\u00eda y acompa\u00f1ar el trabajo de la Fundaci\u00f3n.<\/p>\n<p><strong>\u00a1SIEMPRE, EN LA ESPERANZA!<\/strong><\/p>\n<p>[\/et_pb_text][\/et_pb_column][et_pb_column type=\u00bb1_2&#8243; _builder_version=\u00bb3.25&#8243; custom_padding=\u00bb|||\u00bb global_colors_info=\u00bb{}\u00bb custom_padding__hover=\u00bb|||\u00bb][et_pb_code _builder_version=\u00bb4.9.4&#8243; _module_preset=\u00bbdefault\u00bb width_tablet=\u00bb80%\u00bb width_phone=\u00bb80%\u00bb width_last_edited=\u00bboff|desktop\u00bb module_alignment=\u00bbcenter\u00bb custom_margin=\u00bb||||false|false\u00bb custom_padding=\u00bb0vw||||false|false\u00bb locked=\u00bboff\u00bb global_colors_info=\u00bb{}\u00bb]<\/p>\n<div class=\"ml-form-embed\"<!-- [et_pb_line_break_holder] -->  data-account=\u00bb3030910:j0g7z8b5d5&#8243;<!-- [et_pb_line_break_holder] -->  data-form=\u00bb3825904:i7u3e3&#8243;><!-- [et_pb_line_break_holder] --><\/div>\n<p>[\/et_pb_code][\/et_pb_column][\/et_pb_row][\/et_pb_section][et_pb_section fb_built=\u00bb1&#8243; custom_padding_last_edited=\u00bbon|phone\u00bb _builder_version=\u00bb4.9.4&#8243; _module_preset=\u00bbdefault\u00bb background_color=\u00bb#ffffff\u00bb width=\u00bb100%\u00bb max_width=\u00bb100%\u00bb module_alignment=\u00bbcenter\u00bb custom_padding=\u00bb100px||||false|false\u00bb custom_padding_tablet=\u00bb50px||||false|false\u00bb custom_padding_phone=\u00bb20px||||false|false\u00bb top_divider_height=\u00bb107px\u00bb da_disable_devices=\u00bboff|off|off\u00bb global_colors_info=\u00bb{}\u00bb da_is_popup=\u00bboff\u00bb da_exit_intent=\u00bboff\u00bb da_has_close=\u00bbon\u00bb da_alt_close=\u00bboff\u00bb da_dark_close=\u00bboff\u00bb da_not_modal=\u00bbon\u00bb da_is_singular=\u00bboff\u00bb da_with_loader=\u00bboff\u00bb da_has_shadow=\u00bbon\u00bb][et_pb_row use_custom_gutter=\u00bbon\u00bb gutter_width=\u00bb2&#8243; make_equal=\u00bbon\u00bb _builder_version=\u00bb4.7.7&#8243; _module_preset=\u00bbdefault\u00bb width=\u00bb90%\u00bb width_tablet=\u00bb\u00bb width_phone=\u00bb\u00bb width_last_edited=\u00bbon|phone\u00bb max_width_tablet=\u00bb\u00bb max_width_phone=\u00bb\u00bb max_width_last_edited=\u00bbon|phone\u00bb module_alignment=\u00bbcenter\u00bb custom_margin=\u00bb||||false|false\u00bb custom_padding=\u00bb||||false|false\u00bb global_colors_info=\u00bb{}\u00bb][et_pb_column type=\u00bb4_4&#8243; _builder_version=\u00bb4.7.7&#8243; _module_preset=\u00bbdefault\u00bb global_colors_info=\u00bb{}\u00bb][et_pb_blog posts_number=\u00bb20&#8243; meta_date=\u00bbj M Y\u00bb excerpt_length=\u00bb50&#8243; show_more=\u00bbon\u00bb show_author=\u00bboff\u00bb show_categories=\u00bboff\u00bb module_class=\u00bbblog-vertical\u00bb _builder_version=\u00bb4.9.4&#8243; _module_preset=\u00bbdefault\u00bb header_font=\u00bb|700|||||||\u00bb header_font_size=\u00bb21px\u00bb header_line_height=\u00bb1.2em\u00bb body_font=\u00bb|300|||||||\u00bb body_font_size=\u00bb18px\u00bb body_line_height=\u00bb1.4em\u00bb meta_font_size=\u00bb12px\u00bb meta_line_height=\u00bb2.2em\u00bb read_more_font=\u00bbMuli|600|||||||\u00bb read_more_text_color=\u00bb#E02B20&#8243; read_more_font_size=\u00bb17px\u00bb read_more_line_height=\u00bb2.5em\u00bb width=\u00bb100%\u00bb width_tablet=\u00bb\u00bb width_phone=\u00bb100%\u00bb width_last_edited=\u00bbon|phone\u00bb max_width=\u00bb100%\u00bb custom_margin=\u00bb||||false|false\u00bb custom_margin_tablet=\u00bb\u00bb custom_margin_phone=\u00bb\u00bb custom_margin_last_edited=\u00bbon|phone\u00bb header_font_size_tablet=\u00bb22px\u00bb header_font_size_phone=\u00bb20px\u00bb header_font_size_last_edited=\u00bbon|phone\u00bb body_font_size_tablet=\u00bb\u00bb body_font_size_phone=\u00bb16px\u00bb body_font_size_last_edited=\u00bbon|desktop\u00bb read_more_font_size_tablet=\u00bb\u00bb read_more_font_size_phone=\u00bb15px\u00bb read_more_font_size_last_edited=\u00bbon|desktop\u00bb global_colors_info=\u00bb{}\u00bb][\/et_pb_blog][\/et_pb_column][\/et_pb_row][\/et_pb_section]<\/p>\n<span class=\"et_bloom_bottom_trigger\"><\/span>","protected":false},"excerpt":{"rendered":"<p>Lea historias in\u00e9ditas, experiencias personales, hechos importantes, poemas y pensamientos de Pedro Casald\u00e1liga | Est\u00e9 actualizado sobre las actividades de la Fundaci\u00f3n.<\/p>\n","protected":false},"author":1,"featured_media":0,"parent":0,"menu_order":0,"comment_status":"closed","ping_status":"closed","template":"","meta":{"_et_pb_use_builder":"on","_et_pb_old_content":"","_et_gb_content_width":"","footnotes":""},"class_list":["post-239333","page","type-page","status-publish","hentry"],"yoast_head":"<!-- This site is optimized with the Yoast SEO plugin v23.6 - https:\/\/yoast.com\/wordpress\/plugins\/seo\/ -->\n<title>Textos sobre Pedro Casald\u00e1liga, su vida, obra y causas y la Fundaci\u00f3n<\/title>\n<meta name=\"description\" content=\"Lea historias in\u00e9ditas, experiencias personales, hechos importantes, poemas y pensamientos de Pedro Casald\u00e1liga | Est\u00e9 actualizado sobre las actividades de la Fundaci\u00f3n\" \/>\n<meta name=\"robots\" content=\"index, follow, max-snippet:-1, max-image-preview:large, max-video-preview:-1\" \/>\n<link rel=\"canonical\" href=\"https:\/\/fperecasaldaliga.org\/es\/las-publicaciones\/\" \/>\n<meta property=\"og:locale\" content=\"es_ES\" \/>\n<meta property=\"og:type\" content=\"article\" \/>\n<meta property=\"og:title\" content=\"Textos sobre Pedro Casald\u00e1liga, su vida, obra y causas y la Fundaci\u00f3n\" \/>\n<meta property=\"og:description\" content=\"Lea historias in\u00e9ditas, experiencias personales, hechos importantes, poemas y pensamientos de Pedro Casald\u00e1liga | Est\u00e9 actualizado sobre las actividades de la Fundaci\u00f3n\" \/>\n<meta property=\"og:url\" content=\"https:\/\/fperecasaldaliga.org\/es\/las-publicaciones\/\" \/>\n<meta property=\"og:site_name\" content=\"Fundaci\u00f3 Pere Casald\u00e0liga\" \/>\n<meta property=\"article:publisher\" content=\"https:\/\/www.facebook.com\/fpcasaldaliga\" \/>\n<meta property=\"article:modified_time\" content=\"2022-03-02T17:45:10+00:00\" \/>\n<meta property=\"og:image\" content=\"https:\/\/fperecasaldaliga.org\/wp-content\/uploads\/2020\/12\/Pedro-Romeria.png\" \/>\n\t<meta property=\"og:image:width\" content=\"780\" \/>\n\t<meta property=\"og:image:height\" content=\"488\" \/>\n\t<meta property=\"og:image:type\" content=\"image\/png\" \/>\n<meta name=\"twitter:card\" content=\"summary_large_image\" \/>\n<meta name=\"twitter:title\" content=\"Textos sobre Pedro Casald\u00e1liga, su vida, obra y causas y la Fundaci\u00f3n\" \/>\n<meta name=\"twitter:description\" content=\"Lea historias in\u00e9ditas, experiencias personales, hechos importantes, poemas y pensamientos de Pedro Casald\u00e1liga | Est\u00e9 actualizado sobre las actividades de la Fundaci\u00f3n\" \/>\n<meta name=\"twitter:site\" content=\"@Casaldaliga_\" \/>\n<meta name=\"twitter:label1\" content=\"Tiempo de lectura\" \/>\n\t<meta name=\"twitter:data1\" content=\"4 minutos\" \/>\n<script type=\"application\/ld+json\" class=\"yoast-schema-graph\">{\"@context\":\"https:\/\/schema.org\",\"@graph\":[{\"@type\":\"WebPage\",\"@id\":\"https:\/\/fperecasaldaliga.org\/es\/las-publicaciones\/\",\"url\":\"https:\/\/fperecasaldaliga.org\/es\/las-publicaciones\/\",\"name\":\"Textos sobre Pedro Casald\u00e1liga, su vida, obra y causas y la Fundaci\u00f3n\",\"isPartOf\":{\"@id\":\"https:\/\/fperecasaldaliga.org\/es\/#website\"},\"datePublished\":\"2019-07-19T07:58:41+00:00\",\"dateModified\":\"2022-03-02T17:45:10+00:00\",\"description\":\"Lea historias in\u00e9ditas, experiencias personales, hechos importantes, poemas y pensamientos de Pedro Casald\u00e1liga | Est\u00e9 actualizado sobre las actividades de la Fundaci\u00f3n\",\"breadcrumb\":{\"@id\":\"https:\/\/fperecasaldaliga.org\/es\/las-publicaciones\/#breadcrumb\"},\"inLanguage\":\"es\",\"potentialAction\":[{\"@type\":\"ReadAction\",\"target\":[\"https:\/\/fperecasaldaliga.org\/es\/las-publicaciones\/\"]}]},{\"@type\":\"BreadcrumbList\",\"@id\":\"https:\/\/fperecasaldaliga.org\/es\/las-publicaciones\/#breadcrumb\",\"itemListElement\":[{\"@type\":\"ListItem\",\"position\":1,\"name\":\"Inici\",\"item\":\"https:\/\/fperecasaldaliga.org\/es\/\"},{\"@type\":\"ListItem\",\"position\":2,\"name\":\"LAS PUBLICACIONES\"}]},{\"@type\":\"WebSite\",\"@id\":\"https:\/\/fperecasaldaliga.org\/es\/#website\",\"url\":\"https:\/\/fperecasaldaliga.org\/es\/\",\"name\":\"Fundaci\u00f3 Pere Casald\u00e0liga\",\"description\":\"Web Fundaci\u00f3 Pere Casald\u00e0liga\",\"potentialAction\":[{\"@type\":\"SearchAction\",\"target\":{\"@type\":\"EntryPoint\",\"urlTemplate\":\"https:\/\/fperecasaldaliga.org\/es\/?s={search_term_string}\"},\"query-input\":{\"@type\":\"PropertyValueSpecification\",\"valueRequired\":true,\"valueName\":\"search_term_string\"}}],\"inLanguage\":\"es\"}]}<\/script>\n<!-- \/ Yoast SEO plugin. -->","yoast_head_json":{"title":"Textos sobre Pedro Casald\u00e1liga, su vida, obra y causas y la Fundaci\u00f3n","description":"Lea historias in\u00e9ditas, experiencias personales, hechos importantes, poemas y pensamientos de Pedro Casald\u00e1liga | Est\u00e9 actualizado sobre las actividades de la Fundaci\u00f3n","robots":{"index":"index","follow":"follow","max-snippet":"max-snippet:-1","max-image-preview":"max-image-preview:large","max-video-preview":"max-video-preview:-1"},"canonical":"https:\/\/fperecasaldaliga.org\/es\/las-publicaciones\/","og_locale":"es_ES","og_type":"article","og_title":"Textos sobre Pedro Casald\u00e1liga, su vida, obra y causas y la Fundaci\u00f3n","og_description":"Lea historias in\u00e9ditas, experiencias personales, hechos importantes, poemas y pensamientos de Pedro Casald\u00e1liga | Est\u00e9 actualizado sobre las actividades de la Fundaci\u00f3n","og_url":"https:\/\/fperecasaldaliga.org\/es\/las-publicaciones\/","og_site_name":"Fundaci\u00f3 Pere Casald\u00e0liga","article_publisher":"https:\/\/www.facebook.com\/fpcasaldaliga","article_modified_time":"2022-03-02T17:45:10+00:00","og_image":[{"width":780,"height":488,"url":"https:\/\/fperecasaldaliga.org\/wp-content\/uploads\/2020\/12\/Pedro-Romeria.png","type":"image\/png"}],"twitter_card":"summary_large_image","twitter_title":"Textos sobre Pedro Casald\u00e1liga, su vida, obra y causas y la Fundaci\u00f3n","twitter_description":"Lea historias in\u00e9ditas, experiencias personales, hechos importantes, poemas y pensamientos de Pedro Casald\u00e1liga | Est\u00e9 actualizado sobre las actividades de la Fundaci\u00f3n","twitter_site":"@Casaldaliga_","twitter_misc":{"Tiempo de lectura":"4 minutos"},"schema":{"@context":"https:\/\/schema.org","@graph":[{"@type":"WebPage","@id":"https:\/\/fperecasaldaliga.org\/es\/las-publicaciones\/","url":"https:\/\/fperecasaldaliga.org\/es\/las-publicaciones\/","name":"Textos sobre Pedro Casald\u00e1liga, su vida, obra y causas y la Fundaci\u00f3n","isPartOf":{"@id":"https:\/\/fperecasaldaliga.org\/es\/#website"},"datePublished":"2019-07-19T07:58:41+00:00","dateModified":"2022-03-02T17:45:10+00:00","description":"Lea historias in\u00e9ditas, experiencias personales, hechos importantes, poemas y pensamientos de Pedro Casald\u00e1liga | Est\u00e9 actualizado sobre las actividades de la Fundaci\u00f3n","breadcrumb":{"@id":"https:\/\/fperecasaldaliga.org\/es\/las-publicaciones\/#breadcrumb"},"inLanguage":"es","potentialAction":[{"@type":"ReadAction","target":["https:\/\/fperecasaldaliga.org\/es\/las-publicaciones\/"]}]},{"@type":"BreadcrumbList","@id":"https:\/\/fperecasaldaliga.org\/es\/las-publicaciones\/#breadcrumb","itemListElement":[{"@type":"ListItem","position":1,"name":"Inici","item":"https:\/\/fperecasaldaliga.org\/es\/"},{"@type":"ListItem","position":2,"name":"LAS PUBLICACIONES"}]},{"@type":"WebSite","@id":"https:\/\/fperecasaldaliga.org\/es\/#website","url":"https:\/\/fperecasaldaliga.org\/es\/","name":"Fundaci\u00f3 Pere Casald\u00e0liga","description":"Web Fundaci\u00f3 Pere Casald\u00e0liga","potentialAction":[{"@type":"SearchAction","target":{"@type":"EntryPoint","urlTemplate":"https:\/\/fperecasaldaliga.org\/es\/?s={search_term_string}"},"query-input":{"@type":"PropertyValueSpecification","valueRequired":true,"valueName":"search_term_string"}}],"inLanguage":"es"}]}},"_links":{"self":[{"href":"https:\/\/fperecasaldaliga.org\/es\/wp-json\/wp\/v2\/pages\/239333","targetHints":{"allow":["GET"]}}],"collection":[{"href":"https:\/\/fperecasaldaliga.org\/es\/wp-json\/wp\/v2\/pages"}],"about":[{"href":"https:\/\/fperecasaldaliga.org\/es\/wp-json\/wp\/v2\/types\/page"}],"author":[{"embeddable":true,"href":"https:\/\/fperecasaldaliga.org\/es\/wp-json\/wp\/v2\/users\/1"}],"replies":[{"embeddable":true,"href":"https:\/\/fperecasaldaliga.org\/es\/wp-json\/wp\/v2\/comments?post=239333"}],"version-history":[{"count":0,"href":"https:\/\/fperecasaldaliga.org\/es\/wp-json\/wp\/v2\/pages\/239333\/revisions"}],"wp:attachment":[{"href":"https:\/\/fperecasaldaliga.org\/es\/wp-json\/wp\/v2\/media?parent=239333"}],"curies":[{"name":"wp","href":"https:\/\/api.w.org\/{rel}","templated":true}]}}